{"id":8325,"date":"2023-04-22T12:32:57","date_gmt":"2023-04-22T10:32:57","guid":{"rendered":"https:\/\/www.ffkirchschlag.at\/?page_id=8325"},"modified":"2024-06-11T07:44:41","modified_gmt":"2024-06-11T05:44:41","slug":"kommando-und-mannschaft-neu","status":"publish","type":"page","link":"https:\/\/www.ffkirchschlag.at\/?page_id=8325","title":{"rendered":"Kommando und Mannschaft"},"content":{"rendered":"<p style=\"text-align: left;\">Das Kommando der FF Kirchschlag bei Linz setzt sich nach der Wahl am 10.03.2023 wie folgt zusammen:<\/p>\n<p><a href=\"https:\/\/www.ffkirchschlag.at\/wp-content\/uploads\/2024\/02\/KDO2024.png\"><img fetchpriority=\"high\" decoding=\"async\" class=\"alignnone size-full wp-image-9267\" src=\"https:\/\/www.ffkirchschlag.at\/wp-content\/uploads\/2024\/02\/KDO2024.png\" alt=\"\" width=\"857\" height=\"608\"><\/a><\/p>\n<p>&nbsp;<\/p>\n<p><a href=\"https:\/\/www.ffkirchschlag.at\/wp-content\/uploads\/2024\/05\/PKF2B004-scaled.jpg\"><img decoding=\"async\" class=\"alignnone size-full wp-image-9652\" src=\"https:\/\/www.ffkirchschlag.at\/wp-content\/uploads\/2024\/05\/PKF2B004-scaled.jpg\" alt=\"\" width=\"2560\" height=\"1205\" srcset=\"https:\/\/www.ffkirchschlag.at\/wp-content\/uploads\/2024\/05\/PKF2B004-scaled.jpg 2560w, https:\/\/www.ffkirchschlag.at\/wp-content\/uploads\/2024\/05\/PKF2B004-300x141.jpg 300w, https:\/\/www.ffkirchschlag.at\/wp-content\/uploads\/2024\/05\/PKF2B004-1024x482.jpg 1024w, https:\/\/www.ffkirchschlag.at\/wp-content\/uploads\/2024\/05\/PKF2B004-768x362.jpg 768w, https:\/\/www.ffkirchschlag.at\/wp-content\/uploads\/2024\/05\/PKF2B004-1536x723.jpg 1536w, https:\/\/www.ffkirchschlag.at\/wp-content\/uploads\/2024\/05\/PKF2B004-2048x964.jpg 2048w\" sizes=\"(max-width: 2560px) 100vw, 2560px\" \/><\/a><\/p>\n<p><span style=\"text-decoration: underline;\">hinten von links nach rechts:<\/span> Sch\u00fcrz Jonas (Fachbeauftragter Stv. \u00d6ffentlichkeitsarbeit), Leimhofer Harald (Fachbeauftragter Atemschutz), Hofinger Bernhard (Fachbeauftragter Feuerwehrjugend), , Eckerstorfer Daniel (Fachbeauftrager Stv. Atemschutz), Enzenhofer Gregor (Fachbeauftragter Leistungsbewerbe), Reixenartner Stefan (Fachbeauftragter FMD), Oberm\u00fcller Lukas (Fachbeauftragter Bekleidung) Pichler Alexander (Fachbauftragter Ger\u00e4te&amp;Wartung)<\/p>\n<p><span style=\"text-decoration: underline;\">vorne von links nach rechts:<\/span> Noska Josef (Kassenf\u00fchrer), Berger Lukas (LuN-Kommandant), Sch\u00fcrz Lukas (Schriftf\u00fchrer), Gaisbauer Fabian (Kommandant-Stv.), Schichl Klaus (Kommandant), Maurer Gregor (Zugskommandant), Rechberger Thomas (Ger\u00e4tewart), Oberm\u00fcller Daniel (Fachbeauftragter \u00d6ffentlichkeitsarbeit)\u200b<\/p>\n<p>&nbsp;<\/p>\n<table style=\"border-spacing: 10pt; width: 92.9233%; height: 1785px;\" border=\"0\">\n<tbody>\n<tr style=\"height: 201px;\">\n<td style=\"vertical-align: middle; width: 31.063%; height: 201px;\"><strong>Kommandant<\/strong><br \/>\nHBI Klaus Schichl<\/td>\n<td style=\"text-align: justify; width: 15.1067%; height: 201px;\"><a href=\"https:\/\/www.ffkirchschlag.at\/wp-content\/uploads\/2024\/05\/PKF1B016-scaled.jpg\"><img decoding=\"async\" class=\"alignnone size-full wp-image-9653\" src=\"https:\/\/www.ffkirchschlag.at\/wp-content\/uploads\/2024\/05\/PKF1B016-scaled.jpg\" alt=\"\" width=\"1720\" height=\"2560\" srcset=\"https:\/\/www.ffkirchschlag.at\/wp-content\/uploads\/2024\/05\/PKF1B016-scaled.jpg 1720w, https:\/\/www.ffkirchschlag.at\/wp-content\/uploads\/2024\/05\/PKF1B016-202x300.jpg 202w, https:\/\/www.ffkirchschlag.at\/wp-content\/uploads\/2024\/05\/PKF1B016-688x1024.jpg 688w, https:\/\/www.ffkirchschlag.at\/wp-content\/uploads\/2024\/05\/PKF1B016-768x1143.jpg 768w, https:\/\/www.ffkirchschlag.at\/wp-content\/uploads\/2024\/05\/PKF1B016-1032x1536.jpg 1032w, https:\/\/www.ffkirchschlag.at\/wp-content\/uploads\/2024\/05\/PKF1B016-1376x2048.jpg 1376w\" sizes=\"(max-width: 1720px) 100vw, 1720px\" \/><\/a><\/td>\n<td style=\"vertical-align: middle; width: 28.6083%; height: 201px;\"><strong>Kommandant-Stellvertreter<br \/>\n<\/strong>OBI Fabian Gaisbauer<\/td>\n<td style=\"width: 15.4449%; height: 201px;\"><a href=\"https:\/\/www.ffkirchschlag.at\/wp-content\/uploads\/2024\/05\/PKF1B084-scaled.jpg\"><img loading=\"lazy\" decoding=\"async\" class=\"alignnone size-full wp-image-9665\" src=\"https:\/\/www.ffkirchschlag.at\/wp-content\/uploads\/2024\/05\/PKF1B084-scaled.jpg\" alt=\"\" width=\"1720\" height=\"2560\" srcset=\"https:\/\/www.ffkirchschlag.at\/wp-content\/uploads\/2024\/05\/PKF1B084-scaled.jpg 1720w, https:\/\/www.ffkirchschlag.at\/wp-content\/uploads\/2024\/05\/PKF1B084-202x300.jpg 202w, https:\/\/www.ffkirchschlag.at\/wp-content\/uploads\/2024\/05\/PKF1B084-688x1024.jpg 688w, https:\/\/www.ffkirchschlag.at\/wp-content\/uploads\/2024\/05\/PKF1B084-768x1143.jpg 768w, https:\/\/www.ffkirchschlag.at\/wp-content\/uploads\/2024\/05\/PKF1B084-1032x1536.jpg 1032w, https:\/\/www.ffkirchschlag.at\/wp-content\/uploads\/2024\/05\/PKF1B084-1376x2048.jpg 1376w\" sizes=\"(max-width: 1720px) 100vw, 1720px\" \/><\/a><\/td>\n<\/tr>\n<tr style=\"height: 138px;\">\n<td style=\"vertical-align: middle; width: 31.063%; height: 138px;\"><strong>Schriftf\u00fchrer<br \/>\n<\/strong>BI d. F. Lukas Sch\u00fcrz<\/td>\n<td style=\"width: 15.1067%; height: 138px;\"><a href=\"https:\/\/www.ffkirchschlag.at\/wp-content\/uploads\/2024\/05\/PKF1B057-scaled.jpg\"><img loading=\"lazy\" decoding=\"async\" class=\"alignnone size-full wp-image-9659\" src=\"https:\/\/www.ffkirchschlag.at\/wp-content\/uploads\/2024\/05\/PKF1B057-scaled.jpg\" alt=\"\" width=\"1720\" height=\"2560\" srcset=\"https:\/\/www.ffkirchschlag.at\/wp-content\/uploads\/2024\/05\/PKF1B057-scaled.jpg 1720w, https:\/\/www.ffkirchschlag.at\/wp-content\/uploads\/2024\/05\/PKF1B057-202x300.jpg 202w, https:\/\/www.ffkirchschlag.at\/wp-content\/uploads\/2024\/05\/PKF1B057-688x1024.jpg 688w, https:\/\/www.ffkirchschlag.at\/wp-content\/uploads\/2024\/05\/PKF1B057-768x1143.jpg 768w, https:\/\/www.ffkirchschlag.at\/wp-content\/uploads\/2024\/05\/PKF1B057-1032x1536.jpg 1032w, https:\/\/www.ffkirchschlag.at\/wp-content\/uploads\/2024\/05\/PKF1B057-1376x2048.jpg 1376w\" sizes=\"(max-width: 1720px) 100vw, 1720px\" \/><\/a><\/td>\n<td style=\"vertical-align: middle; width: 28.6083%; height: 138px;\"><strong>Kassier<br \/>\n<\/strong>BI d. F. Josef Noska<\/td>\n<td style=\"width: 15.4449%; height: 138px;\"><a href=\"https:\/\/www.ffkirchschlag.at\/wp-content\/uploads\/2024\/05\/PKF1B026-scaled.jpg\"><img loading=\"lazy\" decoding=\"async\" class=\"alignnone size-full wp-image-9654\" src=\"https:\/\/www.ffkirchschlag.at\/wp-content\/uploads\/2024\/05\/PKF1B026-scaled.jpg\" alt=\"\" width=\"1720\" height=\"2560\" srcset=\"https:\/\/www.ffkirchschlag.at\/wp-content\/uploads\/2024\/05\/PKF1B026-scaled.jpg 1720w, https:\/\/www.ffkirchschlag.at\/wp-content\/uploads\/2024\/05\/PKF1B026-202x300.jpg 202w, https:\/\/www.ffkirchschlag.at\/wp-content\/uploads\/2024\/05\/PKF1B026-688x1024.jpg 688w, https:\/\/www.ffkirchschlag.at\/wp-content\/uploads\/2024\/05\/PKF1B026-768x1143.jpg 768w, https:\/\/www.ffkirchschlag.at\/wp-content\/uploads\/2024\/05\/PKF1B026-1032x1536.jpg 1032w, https:\/\/www.ffkirchschlag.at\/wp-content\/uploads\/2024\/05\/PKF1B026-1376x2048.jpg 1376w\" sizes=\"(max-width: 1720px) 100vw, 1720px\" \/><\/a><\/td>\n<\/tr>\n<tr style=\"height: 183px;\">\n<td style=\"vertical-align: middle; width: 31.063%; height: 183px;\"><strong>Ger\u00e4tewart<\/strong><br \/>\nBI d. F. Thomas Rechberger<\/td>\n<td style=\"width: 15.1067%; height: 183px;\"><a href=\"https:\/\/www.ffkirchschlag.at\/wp-content\/uploads\/2024\/05\/PKF1B076-scaled.jpg\"><img loading=\"lazy\" decoding=\"async\" class=\"alignnone size-full wp-image-9663\" src=\"https:\/\/www.ffkirchschlag.at\/wp-content\/uploads\/2024\/05\/PKF1B076-scaled.jpg\" alt=\"\" width=\"1720\" height=\"2560\" srcset=\"https:\/\/www.ffkirchschlag.at\/wp-content\/uploads\/2024\/05\/PKF1B076-scaled.jpg 1720w, https:\/\/www.ffkirchschlag.at\/wp-content\/uploads\/2024\/05\/PKF1B076-202x300.jpg 202w, https:\/\/www.ffkirchschlag.at\/wp-content\/uploads\/2024\/05\/PKF1B076-688x1024.jpg 688w, https:\/\/www.ffkirchschlag.at\/wp-content\/uploads\/2024\/05\/PKF1B076-768x1143.jpg 768w, https:\/\/www.ffkirchschlag.at\/wp-content\/uploads\/2024\/05\/PKF1B076-1032x1536.jpg 1032w, https:\/\/www.ffkirchschlag.at\/wp-content\/uploads\/2024\/05\/PKF1B076-1376x2048.jpg 1376w\" sizes=\"(max-width: 1720px) 100vw, 1720px\" \/><\/a><\/td>\n<td style=\"vertical-align: middle; width: 28.6083%; height: 183px;\">\n<p><strong>Zugskommandant<br \/>\n<\/strong>BI Gregor Maurer<\/p>\n<\/td>\n<td style=\"width: 15.4449%; height: 183px;\"><a href=\"https:\/\/www.ffkirchschlag.at\/wp-content\/uploads\/2024\/05\/PKF1B080-scaled.jpg\"><img loading=\"lazy\" decoding=\"async\" class=\"alignnone size-full wp-image-9664\" src=\"https:\/\/www.ffkirchschlag.at\/wp-content\/uploads\/2024\/05\/PKF1B080-scaled.jpg\" alt=\"\" width=\"1720\" height=\"2560\" srcset=\"https:\/\/www.ffkirchschlag.at\/wp-content\/uploads\/2024\/05\/PKF1B080-scaled.jpg 1720w, https:\/\/www.ffkirchschlag.at\/wp-content\/uploads\/2024\/05\/PKF1B080-202x300.jpg 202w, https:\/\/www.ffkirchschlag.at\/wp-content\/uploads\/2024\/05\/PKF1B080-688x1024.jpg 688w, https:\/\/www.ffkirchschlag.at\/wp-content\/uploads\/2024\/05\/PKF1B080-768x1143.jpg 768w, https:\/\/www.ffkirchschlag.at\/wp-content\/uploads\/2024\/05\/PKF1B080-1032x1536.jpg 1032w, https:\/\/www.ffkirchschlag.at\/wp-content\/uploads\/2024\/05\/PKF1B080-1376x2048.jpg 1376w\" sizes=\"(max-width: 1720px) 100vw, 1720px\" \/><\/a><\/td>\n<\/tr>\n<tr style=\"height: 215px;\">\n<td style=\"vertical-align: middle; width: 31.063%; height: 215px;\"><strong><strong>Fachbeauftragter Ger\u00e4te &amp; Wartung<br \/>\n<\/strong><\/strong>HBM d. F. Alexander Pichler<\/td>\n<td style=\"width: 15.1067%; height: 215px;\"><a href=\"https:\/\/www.ffkirchschlag.at\/wp-content\/uploads\/2024\/05\/PKF1B103-scaled.jpg\"><img loading=\"lazy\" decoding=\"async\" class=\"alignnone size-full wp-image-9668\" src=\"https:\/\/www.ffkirchschlag.at\/wp-content\/uploads\/2024\/05\/PKF1B103-scaled.jpg\" alt=\"\" width=\"1720\" height=\"2560\" srcset=\"https:\/\/www.ffkirchschlag.at\/wp-content\/uploads\/2024\/05\/PKF1B103-scaled.jpg 1720w, https:\/\/www.ffkirchschlag.at\/wp-content\/uploads\/2024\/05\/PKF1B103-202x300.jpg 202w, https:\/\/www.ffkirchschlag.at\/wp-content\/uploads\/2024\/05\/PKF1B103-688x1024.jpg 688w, https:\/\/www.ffkirchschlag.at\/wp-content\/uploads\/2024\/05\/PKF1B103-768x1143.jpg 768w, https:\/\/www.ffkirchschlag.at\/wp-content\/uploads\/2024\/05\/PKF1B103-1032x1536.jpg 1032w, https:\/\/www.ffkirchschlag.at\/wp-content\/uploads\/2024\/05\/PKF1B103-1376x2048.jpg 1376w\" sizes=\"(max-width: 1720px) 100vw, 1720px\" \/><\/a><\/td>\n<td style=\"vertical-align: middle; width: 28.6083%; height: 215px;\">\n<p><strong><strong>LuN-Kommandnat&nbsp; <br \/>\n<\/strong><\/strong>BI Lukas Berger<strong><br \/>\n<\/strong><\/p>\n<\/td>\n<td style=\"width: 15.4449%; height: 215px;\"><a href=\"https:\/\/www.ffkirchschlag.at\/wp-content\/uploads\/2024\/05\/PKF1B091-scaled.jpg\"><img loading=\"lazy\" decoding=\"async\" class=\"alignnone size-full wp-image-9666\" src=\"https:\/\/www.ffkirchschlag.at\/wp-content\/uploads\/2024\/05\/PKF1B091-scaled.jpg\" alt=\"\" width=\"1720\" height=\"2560\" srcset=\"https:\/\/www.ffkirchschlag.at\/wp-content\/uploads\/2024\/05\/PKF1B091-scaled.jpg 1720w, https:\/\/www.ffkirchschlag.at\/wp-content\/uploads\/2024\/05\/PKF1B091-202x300.jpg 202w, https:\/\/www.ffkirchschlag.at\/wp-content\/uploads\/2024\/05\/PKF1B091-688x1024.jpg 688w, https:\/\/www.ffkirchschlag.at\/wp-content\/uploads\/2024\/05\/PKF1B091-768x1143.jpg 768w, https:\/\/www.ffkirchschlag.at\/wp-content\/uploads\/2024\/05\/PKF1B091-1032x1536.jpg 1032w, https:\/\/www.ffkirchschlag.at\/wp-content\/uploads\/2024\/05\/PKF1B091-1376x2048.jpg 1376w\" sizes=\"(max-width: 1720px) 100vw, 1720px\" \/><\/a><\/td>\n<\/tr>\n<tr style=\"height: 201px;\">\n<td style=\"vertical-align: middle; width: 31.063%; height: 201px;\"><strong><strong>Fachbeauftragter FMD<\/strong><br \/>\n<\/strong>HBM d. F. Stefan Reixenartner<\/td>\n<td style=\"width: 15.1067%; height: 201px;\"><a href=\"https:\/\/www.ffkirchschlag.at\/wp-content\/uploads\/2024\/05\/PKF1B035-scaled.jpg\"><img loading=\"lazy\" decoding=\"async\" class=\"alignnone size-full wp-image-9656\" src=\"https:\/\/www.ffkirchschlag.at\/wp-content\/uploads\/2024\/05\/PKF1B035-scaled.jpg\" alt=\"\" width=\"1720\" height=\"2560\" srcset=\"https:\/\/www.ffkirchschlag.at\/wp-content\/uploads\/2024\/05\/PKF1B035-scaled.jpg 1720w, https:\/\/www.ffkirchschlag.at\/wp-content\/uploads\/2024\/05\/PKF1B035-202x300.jpg 202w, https:\/\/www.ffkirchschlag.at\/wp-content\/uploads\/2024\/05\/PKF1B035-688x1024.jpg 688w, https:\/\/www.ffkirchschlag.at\/wp-content\/uploads\/2024\/05\/PKF1B035-768x1143.jpg 768w, https:\/\/www.ffkirchschlag.at\/wp-content\/uploads\/2024\/05\/PKF1B035-1032x1536.jpg 1032w, https:\/\/www.ffkirchschlag.at\/wp-content\/uploads\/2024\/05\/PKF1B035-1376x2048.jpg 1376w\" sizes=\"(max-width: 1720px) 100vw, 1720px\" \/><\/a><\/td>\n<td style=\"vertical-align: middle; width: 28.6083%; height: 201px;\"><strong>Fachbeauftragter<br \/>\nJugend<\/strong><br \/>\nHBM d. F. Bernhard Hofinger<\/td>\n<td style=\"width: 15.4449%; height: 201px;\"><a href=\"https:\/\/www.ffkirchschlag.at\/wp-content\/uploads\/2024\/05\/PKF1B071-scaled.jpg\"><img loading=\"lazy\" decoding=\"async\" class=\"alignnone size-full wp-image-9662\" src=\"https:\/\/www.ffkirchschlag.at\/wp-content\/uploads\/2024\/05\/PKF1B071-scaled.jpg\" alt=\"\" width=\"1720\" height=\"2560\" srcset=\"https:\/\/www.ffkirchschlag.at\/wp-content\/uploads\/2024\/05\/PKF1B071-scaled.jpg 1720w, https:\/\/www.ffkirchschlag.at\/wp-content\/uploads\/2024\/05\/PKF1B071-202x300.jpg 202w, https:\/\/www.ffkirchschlag.at\/wp-content\/uploads\/2024\/05\/PKF1B071-688x1024.jpg 688w, https:\/\/www.ffkirchschlag.at\/wp-content\/uploads\/2024\/05\/PKF1B071-768x1143.jpg 768w, https:\/\/www.ffkirchschlag.at\/wp-content\/uploads\/2024\/05\/PKF1B071-1032x1536.jpg 1032w, https:\/\/www.ffkirchschlag.at\/wp-content\/uploads\/2024\/05\/PKF1B071-1376x2048.jpg 1376w\" sizes=\"(max-width: 1720px) 100vw, 1720px\" \/><\/a><\/td>\n<\/tr>\n<tr style=\"height: 233px;\">\n<td style=\"vertical-align: middle; width: 31.063%; height: 233px;\">\n<p><strong><strong>Fachbeauftragter Bekleidung<\/strong><br \/>\n<\/strong><\/p>\n<p>OBM d.F. Lukas Oberm\u00fcller<\/p>\n<\/td>\n<td style=\"width: 15.1067%; height: 233px;\"><a href=\"https:\/\/www.ffkirchschlag.at\/wp-content\/uploads\/2024\/05\/PKF1B097-scaled.jpg\"><img loading=\"lazy\" decoding=\"async\" class=\"alignnone size-full wp-image-9667\" src=\"https:\/\/www.ffkirchschlag.at\/wp-content\/uploads\/2024\/05\/PKF1B097-scaled.jpg\" alt=\"\" width=\"1720\" height=\"2560\" srcset=\"https:\/\/www.ffkirchschlag.at\/wp-content\/uploads\/2024\/05\/PKF1B097-scaled.jpg 1720w, https:\/\/www.ffkirchschlag.at\/wp-content\/uploads\/2024\/05\/PKF1B097-202x300.jpg 202w, https:\/\/www.ffkirchschlag.at\/wp-content\/uploads\/2024\/05\/PKF1B097-688x1024.jpg 688w, https:\/\/www.ffkirchschlag.at\/wp-content\/uploads\/2024\/05\/PKF1B097-768x1143.jpg 768w, https:\/\/www.ffkirchschlag.at\/wp-content\/uploads\/2024\/05\/PKF1B097-1032x1536.jpg 1032w, https:\/\/www.ffkirchschlag.at\/wp-content\/uploads\/2024\/05\/PKF1B097-1376x2048.jpg 1376w\" sizes=\"(max-width: 1720px) 100vw, 1720px\" \/><\/a><\/td>\n<td style=\"vertical-align: middle; width: 28.6083%; height: 233px;\"><strong><strong>Fachbeauftragter Leistungsbewerbe<\/strong><br \/>\n<\/strong>HBM d. F. Gregor Enzenhofer<\/td>\n<td style=\"width: 15.4449%; height: 233px;\">\n<p><a href=\"https:\/\/www.ffkirchschlag.at\/wp-content\/uploads\/2024\/05\/PKF1B040-scaled.jpg\"><img loading=\"lazy\" decoding=\"async\" class=\"alignnone size-full wp-image-9657\" src=\"https:\/\/www.ffkirchschlag.at\/wp-content\/uploads\/2024\/05\/PKF1B040-scaled.jpg\" alt=\"\" width=\"1720\" height=\"2560\" srcset=\"https:\/\/www.ffkirchschlag.at\/wp-content\/uploads\/2024\/05\/PKF1B040-scaled.jpg 1720w, https:\/\/www.ffkirchschlag.at\/wp-content\/uploads\/2024\/05\/PKF1B040-202x300.jpg 202w, https:\/\/www.ffkirchschlag.at\/wp-content\/uploads\/2024\/05\/PKF1B040-688x1024.jpg 688w, https:\/\/www.ffkirchschlag.at\/wp-content\/uploads\/2024\/05\/PKF1B040-768x1143.jpg 768w, https:\/\/www.ffkirchschlag.at\/wp-content\/uploads\/2024\/05\/PKF1B040-1032x1536.jpg 1032w, https:\/\/www.ffkirchschlag.at\/wp-content\/uploads\/2024\/05\/PKF1B040-1376x2048.jpg 1376w\" sizes=\"(max-width: 1720px) 100vw, 1720px\" \/><\/a><\/p>\n<\/td>\n<\/tr>\n<tr style=\"height: 305px;\">\n<td style=\"vertical-align: middle; width: 31.063%; height: 305px;\">\n<p><strong>Fachbeauftragter Atemschutz<\/strong><\/p>\n<p>HBM d. F. Harald Leimhofer<\/p>\n<\/td>\n<td style=\"width: 15.1067%; height: 305px;\"><a href=\"https:\/\/www.ffkirchschlag.at\/wp-content\/uploads\/2024\/05\/PKF1B066-scaled.jpg\"><img loading=\"lazy\" decoding=\"async\" class=\"alignnone size-full wp-image-9661\" src=\"https:\/\/www.ffkirchschlag.at\/wp-content\/uploads\/2024\/05\/PKF1B066-scaled.jpg\" alt=\"\" width=\"1720\" height=\"2560\" srcset=\"https:\/\/www.ffkirchschlag.at\/wp-content\/uploads\/2024\/05\/PKF1B066-scaled.jpg 1720w, https:\/\/www.ffkirchschlag.at\/wp-content\/uploads\/2024\/05\/PKF1B066-202x300.jpg 202w, https:\/\/www.ffkirchschlag.at\/wp-content\/uploads\/2024\/05\/PKF1B066-688x1024.jpg 688w, https:\/\/www.ffkirchschlag.at\/wp-content\/uploads\/2024\/05\/PKF1B066-768x1143.jpg 768w, https:\/\/www.ffkirchschlag.at\/wp-content\/uploads\/2024\/05\/PKF1B066-1032x1536.jpg 1032w, https:\/\/www.ffkirchschlag.at\/wp-content\/uploads\/2024\/05\/PKF1B066-1376x2048.jpg 1376w\" sizes=\"(max-width: 1720px) 100vw, 1720px\" \/><\/a><\/td>\n<td style=\"vertical-align: middle; width: 28.6083%; height: 305px;\">\n<p><strong>Fachbeauftragter \u00d6ffentlichkeitsarbeit<\/strong><\/p>\n<p>HBM d. F. Daniel Oberm\u00fcller<\/p>\n<\/td>\n<td style=\"width: 15.4449%; height: 305px;\">\n<p><a href=\"https:\/\/www.ffkirchschlag.at\/wp-content\/uploads\/2024\/05\/PKF1B032-scaled.jpg\"><img loading=\"lazy\" decoding=\"async\" class=\"alignnone size-full wp-image-9655\" src=\"https:\/\/www.ffkirchschlag.at\/wp-content\/uploads\/2024\/05\/PKF1B032-scaled.jpg\" alt=\"\" width=\"1720\" height=\"2560\" srcset=\"https:\/\/www.ffkirchschlag.at\/wp-content\/uploads\/2024\/05\/PKF1B032-scaled.jpg 1720w, https:\/\/www.ffkirchschlag.at\/wp-content\/uploads\/2024\/05\/PKF1B032-202x300.jpg 202w, https:\/\/www.ffkirchschlag.at\/wp-content\/uploads\/2024\/05\/PKF1B032-688x1024.jpg 688w, https:\/\/www.ffkirchschlag.at\/wp-content\/uploads\/2024\/05\/PKF1B032-768x1143.jpg 768w, https:\/\/www.ffkirchschlag.at\/wp-content\/uploads\/2024\/05\/PKF1B032-1032x1536.jpg 1032w, https:\/\/www.ffkirchschlag.at\/wp-content\/uploads\/2024\/05\/PKF1B032-1376x2048.jpg 1376w\" sizes=\"(max-width: 1720px) 100vw, 1720px\" \/><\/a><\/p>\n<\/td>\n<\/tr>\n<tr style=\"height: 309px;\">\n<td style=\"vertical-align: middle; width: 31.063%; height: 309px;\">\n<p><strong>Fachbeauftragter Atemschutz &#8211; Stv.<br \/>\n<\/strong><\/p>\n<p>OBM d. F. Daniel Eckerstorfer<\/p>\n<\/td>\n<td style=\"width: 15.1067%; height: 309px;\"><a href=\"https:\/\/www.ffkirchschlag.at\/wp-content\/uploads\/2024\/05\/PKF1B062-scaled.jpg\"><img loading=\"lazy\" decoding=\"async\" class=\"alignnone size-full wp-image-9660\" src=\"https:\/\/www.ffkirchschlag.at\/wp-content\/uploads\/2024\/05\/PKF1B062-scaled.jpg\" alt=\"\" width=\"1720\" height=\"2560\" srcset=\"https:\/\/www.ffkirchschlag.at\/wp-content\/uploads\/2024\/05\/PKF1B062-scaled.jpg 1720w, https:\/\/www.ffkirchschlag.at\/wp-content\/uploads\/2024\/05\/PKF1B062-202x300.jpg 202w, https:\/\/www.ffkirchschlag.at\/wp-content\/uploads\/2024\/05\/PKF1B062-688x1024.jpg 688w, https:\/\/www.ffkirchschlag.at\/wp-content\/uploads\/2024\/05\/PKF1B062-768x1143.jpg 768w, https:\/\/www.ffkirchschlag.at\/wp-content\/uploads\/2024\/05\/PKF1B062-1032x1536.jpg 1032w, https:\/\/www.ffkirchschlag.at\/wp-content\/uploads\/2024\/05\/PKF1B062-1376x2048.jpg 1376w\" sizes=\"(max-width: 1720px) 100vw, 1720px\" \/><\/a><\/td>\n<td style=\"vertical-align: middle; width: 28.6083%; height: 309px;\">\n<p><strong>Fachbeauftragter \u00d6A-Stv.<\/strong><\/p>\n<p>OBM d. F. Jonas Sch\u00fcrz<\/p>\n<\/td>\n<td style=\"width: 15.4449%; height: 309px;\">\n<p><a href=\"https:\/\/www.ffkirchschlag.at\/wp-content\/uploads\/2024\/05\/PKF1B052-scaled.jpg\"><img loading=\"lazy\" decoding=\"async\" class=\"alignnone size-full wp-image-9658\" src=\"https:\/\/www.ffkirchschlag.at\/wp-content\/uploads\/2024\/05\/PKF1B052-scaled.jpg\" alt=\"\" width=\"1720\" height=\"2560\" srcset=\"https:\/\/www.ffkirchschlag.at\/wp-content\/uploads\/2024\/05\/PKF1B052-scaled.jpg 1720w, https:\/\/www.ffkirchschlag.at\/wp-content\/uploads\/2024\/05\/PKF1B052-202x300.jpg 202w, https:\/\/www.ffkirchschlag.at\/wp-content\/uploads\/2024\/05\/PKF1B052-688x1024.jpg 688w, https:\/\/www.ffkirchschlag.at\/wp-content\/uploads\/2024\/05\/PKF1B052-768x1143.jpg 768w, https:\/\/www.ffkirchschlag.at\/wp-content\/uploads\/2024\/05\/PKF1B052-1032x1536.jpg 1032w, https:\/\/www.ffkirchschlag.at\/wp-content\/uploads\/2024\/05\/PKF1B052-1376x2048.jpg 1376w\" sizes=\"(max-width: 1720px) 100vw, 1720px\" \/><\/a><\/p>\n<\/td>\n<\/tr>\n<\/tbody>\n<\/table>\n<p>&nbsp;<\/p>\n<p>&nbsp;<\/p>\n<p style=\"text-align: center;\"><span style=\"text-decoration: underline;\">Mannschaftsfoto 2021 zum Neubau des Feuerwehrhauses<\/span><\/p>\n<p><a href=\"https:\/\/www.ffkirchschlag.at\/wp-content\/uploads\/2021\/10\/Gruppenfoto-scaled.jpg\"><img loading=\"lazy\" decoding=\"async\" class=\"alignnone size-full wp-image-7375\" src=\"https:\/\/www.ffkirchschlag.at\/wp-content\/uploads\/2021\/10\/Gruppenfoto-scaled.jpg\" alt=\"\" width=\"2560\" height=\"1707\" srcset=\"https:\/\/www.ffkirchschlag.at\/wp-content\/uploads\/2021\/10\/Gruppenfoto-scaled.jpg 2560w, https:\/\/www.ffkirchschlag.at\/wp-content\/uploads\/2021\/10\/Gruppenfoto-300x200.jpg 300w, https:\/\/www.ffkirchschlag.at\/wp-content\/uploads\/2021\/10\/Gruppenfoto-1024x683.jpg 1024w, https:\/\/www.ffkirchschlag.at\/wp-content\/uploads\/2021\/10\/Gruppenfoto-768x512.jpg 768w, https:\/\/www.ffkirchschlag.at\/wp-content\/uploads\/2021\/10\/Gruppenfoto-1536x1024.jpg 1536w, https:\/\/www.ffkirchschlag.at\/wp-content\/uploads\/2021\/10\/Gruppenfoto-2048x1365.jpg 2048w, https:\/\/www.ffkirchschlag.at\/wp-content\/uploads\/2021\/10\/Gruppenfoto-120x80.jpg 120w\" sizes=\"(max-width: 2560px) 100vw, 2560px\" \/><\/a><\/p>\n","protected":false},"excerpt":{"rendered":"<p>Das Kommando der FF Kirchschlag bei Linz setzt sich nach der Wahl am 10.03.2023 wie folgt zusammen: &nbsp; hinten von<\/p>\n","protected":false},"author":6,"featured_media":0,"parent":0,"menu_order":0,"comment_status":"closed","ping_status":"closed","template":"","meta":{"ngg_post_thumbnail":0,"footnotes":""},"jetpack_sharing_enabled":true,"jetpack_likes_enabled":false,"_links":{"self":[{"href":"https:\/\/www.ffkirchschlag.at\/index.php?rest_route=\/wp\/v2\/pages\/8325"}],"collection":[{"href":"https:\/\/www.ffkirchschlag.at\/index.php?rest_route=\/wp\/v2\/pages"}],"about":[{"href":"https:\/\/www.ffkirchschlag.at\/index.php?rest_route=\/wp\/v2\/types\/page"}],"author":[{"embeddable":true,"href":"https:\/\/www.ffkirchschlag.at\/index.php?rest_route=\/wp\/v2\/users\/6"}],"replies":[{"embeddable":true,"href":"https:\/\/www.ffkirchschlag.at\/index.php?rest_route=%2Fwp%2Fv2%2Fcomments&post=8325"}],"version-history":[{"count":18,"href":"https:\/\/www.ffkirchschlag.at\/index.php?rest_route=\/wp\/v2\/pages\/8325\/revisions"}],"predecessor-version":[{"id":9772,"href":"https:\/\/www.ffkirchschlag.at\/index.php?rest_route=\/wp\/v2\/pages\/8325\/revisions\/9772"}],"wp:attachment":[{"href":"https:\/\/www.ffkirchschlag.at\/index.php?rest_route=%2Fwp%2Fv2%2Fmedia&parent=8325"}],"curies":[{"name":"wp","href":"https:\/\/api.w.org\/{rel}","templated":true}]}}